{"id":9569,"date":"2024-10-15T15:46:12","date_gmt":"2024-10-15T18:46:12","guid":{"rendered":"https:\/\/servimetalum.cl\/?page_id=9569"},"modified":"2025-12-22T08:51:45","modified_gmt":"2025-12-22T11:51:45","slug":"cortina-metalica-con-puerta-peatonal","status":"publish","type":"page","link":"https:\/\/servimetalum.cl\/index.php\/cortinas-metalicas\/cortina-metalica-con-puerta-peatonal\/","title":{"rendered":"Cortina Met\u00e1lica con Puerta Peatonal"},"content":{"rendered":"<section class=\"l-section wpb_row height_auto width_custom with_img\" style=\"--site-content-width:1100px;\"><div class=\"l-section-img\" role=\"img\" data-img-width=\"1920\" data-img-height=\"720\" style=\"background-image: url(https:\/\/servimetalum.cl\/wp-content\/uploads\/2024\/10\/bg.webp);\"><\/div><div class=\"l-section-h i-cf\"><div class=\"g-cols vc_row via_grid cols_2 laptops-cols_inherit tablets-cols_inherit mobiles-cols_1 valign_top type_default stacking_default\" style=\"--gap:0rem;\"><div class=\"wpb_column vc_column_container us_custom_4fb9e5a3 has_bg_color\"><div class=\"vc_column-inner\"><h2 class=\"w-post-elm post_title us_custom_c681ac94 has_text_color align_left entry-title color_link_inherit\">Cortina Met\u00e1lica con Puerta Peatonal<\/h2><div class=\"w-separator size_small\"><\/div><div class=\"wpb_text_column\"><div class=\"wpb_wrapper\"><\/div><\/div><div class=\"w-separator size_medium\"><\/div><div class=\"w-btn-wrapper align_center\"><a class=\"w-btn us-btn-style_1\" href=\"\/index.php\/contacto\/\"><span class=\"w-btn-label\">Cotizar<\/span><\/a><\/div><\/div><\/div><div class=\"wpb_column vc_column_container us_custom_4fb9e5a3 has_bg_color\"><div class=\"vc_column-inner\"><div class=\"w-post-elm post_image stretched\"><img loading=\"lazy\" decoding=\"async\" width=\"300\" height=\"403\" src=\"https:\/\/servimetalum.cl\/wp-content\/uploads\/2024\/10\/52ec984cc72302fd412e2aa145a6526c_M.jpg\" class=\"attachment-full size-full wp-post-image\" alt=\"\" srcset=\"https:\/\/servimetalum.cl\/wp-content\/uploads\/2024\/10\/52ec984cc72302fd412e2aa145a6526c_M.jpg 300w, https:\/\/servimetalum.cl\/wp-content\/uploads\/2024\/10\/52ec984cc72302fd412e2aa145a6526c_M-223x300.jpg 223w\" sizes=\"(max-width: 300px) 100vw, 300px\" \/><\/div><\/div><\/div><\/div><\/div><\/section>\n","protected":false},"excerpt":{"rendered":"Cortina Met\u00e1lica con Puerta PeatonalCotizar","protected":false},"author":3,"featured_media":9555,"parent":9560,"menu_order":3,"comment_status":"closed","ping_status":"closed","template":"","meta":{"footnotes":""},"class_list":["post-9569","page","type-page","status-publish","has-post-thumbnail","hentry"],"yoast_head":"<!-- This site is optimized with the Yoast SEO plugin v24.5 - https:\/\/yoast.com\/wordpress\/plugins\/seo\/ -->\n<title>Cortina Met\u00e1lica con Puerta Peatonal en Santiago<\/title>\n<meta name=\"description\" content=\"Cortinas met\u00e1licas con puerta peatonal integradas para comercio e industria en Santiago. Seguridad, funcionalidad y fabricaci\u00f3n a medida.\" \/>\n<meta name=\"robots\" content=\"index, follow, max-snippet:-1, max-image-preview:large, max-video-preview:-1\" \/>\n<link rel=\"canonical\" href=\"https:\/\/servimetalum.cl\/index.php\/cortinas-metalicas\/cortina-metalica-con-puerta-peatonal\/\" \/>\n<meta property=\"og:locale\" content=\"es_ES\" \/>\n<meta property=\"og:type\" content=\"article\" \/>\n<meta property=\"og:title\" content=\"Cortina Met\u00e1lica con Puerta Peatonal en Santiago\" \/>\n<meta property=\"og:description\" content=\"Cortinas met\u00e1licas con puerta peatonal integradas para comercio e industria en Santiago. Seguridad, funcionalidad y fabricaci\u00f3n a medida.\" \/>\n<meta property=\"og:url\" content=\"https:\/\/servimetalum.cl\/index.php\/cortinas-metalicas\/cortina-metalica-con-puerta-peatonal\/\" \/>\n<meta property=\"og:site_name\" content=\"Servimetalum\" \/>\n<meta property=\"article:publisher\" content=\"https:\/\/www.facebook.com\/servimetalum\/?ref=br_rs\" \/>\n<meta property=\"article:modified_time\" content=\"2025-12-22T11:51:45+00:00\" \/>\n<meta property=\"og:image\" content=\"https:\/\/servimetalum.cl\/wp-content\/uploads\/2024\/10\/52ec984cc72302fd412e2aa145a6526c_M.jpg\" \/>\n\t<meta property=\"og:image:width\" content=\"300\" \/>\n\t<meta property=\"og:image:height\" content=\"403\" \/>\n\t<meta property=\"og:image:type\" content=\"image\/jpeg\" \/>\n<meta name=\"twitter:card\" content=\"summary_large_image\" \/>\n<meta name=\"twitter:label1\" content=\"Tiempo de lectura\" \/>\n\t<meta name=\"twitter:data1\" content=\"1 minuto\" \/>\n<script type=\"application\/ld+json\" class=\"yoast-schema-graph\">{\"@context\":\"https:\/\/schema.org\",\"@graph\":[{\"@type\":\"WebPage\",\"@id\":\"https:\/\/servimetalum.cl\/index.php\/cortinas-metalicas\/cortina-metalica-con-puerta-peatonal\/\",\"url\":\"https:\/\/servimetalum.cl\/index.php\/cortinas-metalicas\/cortina-metalica-con-puerta-peatonal\/\",\"name\":\"Cortina Met\u00e1lica con Puerta Peatonal en Santiago\",\"isPartOf\":{\"@id\":\"https:\/\/servimetalum.cl\/#website\"},\"primaryImageOfPage\":{\"@id\":\"https:\/\/servimetalum.cl\/index.php\/cortinas-metalicas\/cortina-metalica-con-puerta-peatonal\/#primaryimage\"},\"image\":{\"@id\":\"https:\/\/servimetalum.cl\/index.php\/cortinas-metalicas\/cortina-metalica-con-puerta-peatonal\/#primaryimage\"},\"thumbnailUrl\":\"https:\/\/servimetalum.cl\/wp-content\/uploads\/2024\/10\/52ec984cc72302fd412e2aa145a6526c_M.jpg\",\"datePublished\":\"2024-10-15T18:46:12+00:00\",\"dateModified\":\"2025-12-22T11:51:45+00:00\",\"description\":\"Cortinas met\u00e1licas con puerta peatonal integradas para comercio e industria en Santiago. Seguridad, funcionalidad y fabricaci\u00f3n a medida.\",\"breadcrumb\":{\"@id\":\"https:\/\/servimetalum.cl\/index.php\/cortinas-metalicas\/cortina-metalica-con-puerta-peatonal\/#breadcrumb\"},\"inLanguage\":\"es\",\"potentialAction\":[{\"@type\":\"ReadAction\",\"target\":[\"https:\/\/servimetalum.cl\/index.php\/cortinas-metalicas\/cortina-metalica-con-puerta-peatonal\/\"]}]},{\"@type\":\"ImageObject\",\"inLanguage\":\"es\",\"@id\":\"https:\/\/servimetalum.cl\/index.php\/cortinas-metalicas\/cortina-metalica-con-puerta-peatonal\/#primaryimage\",\"url\":\"https:\/\/servimetalum.cl\/wp-content\/uploads\/2024\/10\/52ec984cc72302fd412e2aa145a6526c_M.jpg\",\"contentUrl\":\"https:\/\/servimetalum.cl\/wp-content\/uploads\/2024\/10\/52ec984cc72302fd412e2aa145a6526c_M.jpg\",\"width\":300,\"height\":403},{\"@type\":\"BreadcrumbList\",\"@id\":\"https:\/\/servimetalum.cl\/index.php\/cortinas-metalicas\/cortina-metalica-con-puerta-peatonal\/#breadcrumb\",\"itemListElement\":[{\"@type\":\"ListItem\",\"position\":1,\"name\":\"Portada\",\"item\":\"https:\/\/servimetalum.cl\/\"},{\"@type\":\"ListItem\",\"position\":2,\"name\":\"Cortinas Met\u00e1licas\",\"item\":\"https:\/\/servimetalum.cl\/index.php\/cortinas-metalicas\/\"},{\"@type\":\"ListItem\",\"position\":3,\"name\":\"Cortina Met\u00e1lica con Puerta Peatonal\"}]},{\"@type\":\"WebSite\",\"@id\":\"https:\/\/servimetalum.cl\/#website\",\"url\":\"https:\/\/servimetalum.cl\/\",\"name\":\"Servimetalum\",\"description\":\"Cortinas Met\u00e1licas, Cortina Met\u00e1lica Manual, Cortina Met\u00e1lica Motorizada, Cortina Met\u00e1lica con Puerta Peatonal, Cortina met\u00e1lica manual para conteiners, Cortinas met\u00e1licas para galp\u00f3n, Cortinas met\u00e1licas para locales comerciales, Cortinas met\u00e1licas para bodegas, Cortinas de L\u00e1minas Semiplana, Cortinas de L\u00e1minas Plana, Cortinas de L\u00e1minas Curva,  Cortina Met\u00e1lica Manual Microperforada, Cortina Met\u00e1lica Manual Lisa\",\"publisher\":{\"@id\":\"https:\/\/servimetalum.cl\/#organization\"},\"potentialAction\":[{\"@type\":\"SearchAction\",\"target\":{\"@type\":\"EntryPoint\",\"urlTemplate\":\"https:\/\/servimetalum.cl\/?s={search_term_string}\"},\"query-input\":{\"@type\":\"PropertyValueSpecification\",\"valueRequired\":true,\"valueName\":\"search_term_string\"}}],\"inLanguage\":\"es\"},{\"@type\":\"Organization\",\"@id\":\"https:\/\/servimetalum.cl\/#organization\",\"name\":\"Servimetalum\",\"url\":\"https:\/\/servimetalum.cl\/\",\"logo\":{\"@type\":\"ImageObject\",\"inLanguage\":\"es\",\"@id\":\"https:\/\/servimetalum.cl\/#\/schema\/logo\/image\/\",\"url\":\"https:\/\/servimetalum.cl\/wp-content\/uploads\/2025\/02\/REDISENO-SERVIMETALUM-47-112432543.png\",\"contentUrl\":\"https:\/\/servimetalum.cl\/wp-content\/uploads\/2025\/02\/REDISENO-SERVIMETALUM-47-112432543.png\",\"width\":1125,\"height\":529,\"caption\":\"Servimetalum\"},\"image\":{\"@id\":\"https:\/\/servimetalum.cl\/#\/schema\/logo\/image\/\"},\"sameAs\":[\"https:\/\/www.facebook.com\/servimetalum\/?ref=br_rs\",\"https:\/\/www.youtube.com\/channel\/UCDXkWAvcaV47Tz_D4Kzt95A\"]}]}<\/script>\n<!-- \/ Yoast SEO plugin. -->","yoast_head_json":{"title":"Cortina Met\u00e1lica con Puerta Peatonal en Santiago","description":"Cortinas met\u00e1licas con puerta peatonal integradas para comercio e industria en Santiago. Seguridad, funcionalidad y fabricaci\u00f3n a medida.","robots":{"index":"index","follow":"follow","max-snippet":"max-snippet:-1","max-image-preview":"max-image-preview:large","max-video-preview":"max-video-preview:-1"},"canonical":"https:\/\/servimetalum.cl\/index.php\/cortinas-metalicas\/cortina-metalica-con-puerta-peatonal\/","og_locale":"es_ES","og_type":"article","og_title":"Cortina Met\u00e1lica con Puerta Peatonal en Santiago","og_description":"Cortinas met\u00e1licas con puerta peatonal integradas para comercio e industria en Santiago. Seguridad, funcionalidad y fabricaci\u00f3n a medida.","og_url":"https:\/\/servimetalum.cl\/index.php\/cortinas-metalicas\/cortina-metalica-con-puerta-peatonal\/","og_site_name":"Servimetalum","article_publisher":"https:\/\/www.facebook.com\/servimetalum\/?ref=br_rs","article_modified_time":"2025-12-22T11:51:45+00:00","og_image":[{"width":300,"height":403,"url":"https:\/\/servimetalum.cl\/wp-content\/uploads\/2024\/10\/52ec984cc72302fd412e2aa145a6526c_M.jpg","type":"image\/jpeg"}],"twitter_card":"summary_large_image","twitter_misc":{"Tiempo de lectura":"1 minuto"},"schema":{"@context":"https:\/\/schema.org","@graph":[{"@type":"WebPage","@id":"https:\/\/servimetalum.cl\/index.php\/cortinas-metalicas\/cortina-metalica-con-puerta-peatonal\/","url":"https:\/\/servimetalum.cl\/index.php\/cortinas-metalicas\/cortina-metalica-con-puerta-peatonal\/","name":"Cortina Met\u00e1lica con Puerta Peatonal en Santiago","isPartOf":{"@id":"https:\/\/servimetalum.cl\/#website"},"primaryImageOfPage":{"@id":"https:\/\/servimetalum.cl\/index.php\/cortinas-metalicas\/cortina-metalica-con-puerta-peatonal\/#primaryimage"},"image":{"@id":"https:\/\/servimetalum.cl\/index.php\/cortinas-metalicas\/cortina-metalica-con-puerta-peatonal\/#primaryimage"},"thumbnailUrl":"https:\/\/servimetalum.cl\/wp-content\/uploads\/2024\/10\/52ec984cc72302fd412e2aa145a6526c_M.jpg","datePublished":"2024-10-15T18:46:12+00:00","dateModified":"2025-12-22T11:51:45+00:00","description":"Cortinas met\u00e1licas con puerta peatonal integradas para comercio e industria en Santiago. Seguridad, funcionalidad y fabricaci\u00f3n a medida.","breadcrumb":{"@id":"https:\/\/servimetalum.cl\/index.php\/cortinas-metalicas\/cortina-metalica-con-puerta-peatonal\/#breadcrumb"},"inLanguage":"es","potentialAction":[{"@type":"ReadAction","target":["https:\/\/servimetalum.cl\/index.php\/cortinas-metalicas\/cortina-metalica-con-puerta-peatonal\/"]}]},{"@type":"ImageObject","inLanguage":"es","@id":"https:\/\/servimetalum.cl\/index.php\/cortinas-metalicas\/cortina-metalica-con-puerta-peatonal\/#primaryimage","url":"https:\/\/servimetalum.cl\/wp-content\/uploads\/2024\/10\/52ec984cc72302fd412e2aa145a6526c_M.jpg","contentUrl":"https:\/\/servimetalum.cl\/wp-content\/uploads\/2024\/10\/52ec984cc72302fd412e2aa145a6526c_M.jpg","width":300,"height":403},{"@type":"BreadcrumbList","@id":"https:\/\/servimetalum.cl\/index.php\/cortinas-metalicas\/cortina-metalica-con-puerta-peatonal\/#breadcrumb","itemListElement":[{"@type":"ListItem","position":1,"name":"Portada","item":"https:\/\/servimetalum.cl\/"},{"@type":"ListItem","position":2,"name":"Cortinas Met\u00e1licas","item":"https:\/\/servimetalum.cl\/index.php\/cortinas-metalicas\/"},{"@type":"ListItem","position":3,"name":"Cortina Met\u00e1lica con Puerta Peatonal"}]},{"@type":"WebSite","@id":"https:\/\/servimetalum.cl\/#website","url":"https:\/\/servimetalum.cl\/","name":"Servimetalum","description":"Cortinas Met\u00e1licas, Cortina Met\u00e1lica Manual, Cortina Met\u00e1lica Motorizada, Cortina Met\u00e1lica con Puerta Peatonal, Cortina met\u00e1lica manual para conteiners, Cortinas met\u00e1licas para galp\u00f3n, Cortinas met\u00e1licas para locales comerciales, Cortinas met\u00e1licas para bodegas, Cortinas de L\u00e1minas Semiplana, Cortinas de L\u00e1minas Plana, Cortinas de L\u00e1minas Curva,  Cortina Met\u00e1lica Manual Microperforada, Cortina Met\u00e1lica Manual Lisa","publisher":{"@id":"https:\/\/servimetalum.cl\/#organization"},"potentialAction":[{"@type":"SearchAction","target":{"@type":"EntryPoint","urlTemplate":"https:\/\/servimetalum.cl\/?s={search_term_string}"},"query-input":{"@type":"PropertyValueSpecification","valueRequired":true,"valueName":"search_term_string"}}],"inLanguage":"es"},{"@type":"Organization","@id":"https:\/\/servimetalum.cl\/#organization","name":"Servimetalum","url":"https:\/\/servimetalum.cl\/","logo":{"@type":"ImageObject","inLanguage":"es","@id":"https:\/\/servimetalum.cl\/#\/schema\/logo\/image\/","url":"https:\/\/servimetalum.cl\/wp-content\/uploads\/2025\/02\/REDISENO-SERVIMETALUM-47-112432543.png","contentUrl":"https:\/\/servimetalum.cl\/wp-content\/uploads\/2025\/02\/REDISENO-SERVIMETALUM-47-112432543.png","width":1125,"height":529,"caption":"Servimetalum"},"image":{"@id":"https:\/\/servimetalum.cl\/#\/schema\/logo\/image\/"},"sameAs":["https:\/\/www.facebook.com\/servimetalum\/?ref=br_rs","https:\/\/www.youtube.com\/channel\/UCDXkWAvcaV47Tz_D4Kzt95A"]}]}},"acf":[],"_links":{"self":[{"href":"https:\/\/servimetalum.cl\/index.php\/wp-json\/wp\/v2\/pages\/9569","targetHints":{"allow":["GET"]}}],"collection":[{"href":"https:\/\/servimetalum.cl\/index.php\/wp-json\/wp\/v2\/pages"}],"about":[{"href":"https:\/\/servimetalum.cl\/index.php\/wp-json\/wp\/v2\/types\/page"}],"author":[{"embeddable":true,"href":"https:\/\/servimetalum.cl\/index.php\/wp-json\/wp\/v2\/users\/3"}],"replies":[{"embeddable":true,"href":"https:\/\/servimetalum.cl\/index.php\/wp-json\/wp\/v2\/comments?post=9569"}],"version-history":[{"count":7,"href":"https:\/\/servimetalum.cl\/index.php\/wp-json\/wp\/v2\/pages\/9569\/revisions"}],"predecessor-version":[{"id":9883,"href":"https:\/\/servimetalum.cl\/index.php\/wp-json\/wp\/v2\/pages\/9569\/revisions\/9883"}],"up":[{"embeddable":true,"href":"https:\/\/servimetalum.cl\/index.php\/wp-json\/wp\/v2\/pages\/9560"}],"wp:featuredmedia":[{"embeddable":true,"href":"https:\/\/servimetalum.cl\/index.php\/wp-json\/wp\/v2\/media\/9555"}],"wp:attachment":[{"href":"https:\/\/servimetalum.cl\/index.php\/wp-json\/wp\/v2\/media?parent=9569"}],"curies":[{"name":"wp","href":"https:\/\/api.w.org\/{rel}","templated":true}]}}