{"id":9104,"date":"2023-03-21T20:00:20","date_gmt":"2023-03-21T20:00:20","guid":{"rendered":"http:\/\/bioplagas.srtv.cl\/?page_id=9104"},"modified":"2025-12-22T08:49:58","modified_gmt":"2025-12-22T11:49:58","slug":"nosotros","status":"publish","type":"page","link":"https:\/\/servimetalum.cl\/index.php\/nosotros\/","title":{"rendered":"Nosotros"},"content":{"rendered":"<section class=\"l-section wpb_row us_custom_8e391204 blur-bg height_auto width_custom with_img\" style=\"--site-content-width:1100px;\"><div class=\"l-section-img\" role=\"img\" data-img-width=\"1920\" data-img-height=\"720\" style=\"background-image: url(https:\/\/servimetalum.cl\/wp-content\/uploads\/2024\/10\/bg.webp);background-repeat: no-repeat;\"><\/div><div class=\"l-section-h i-cf\"><div class=\"g-cols vc_row via_grid cols_2 laptops-cols_inherit tablets-cols_inherit mobiles-cols_1 valign_middle type_default stacking_default\" style=\"--gap:0rem;\"><div class=\"wpb_column vc_column_container us_custom_4fb9e5a3 has_bg_color\"><div class=\"vc_column-inner\"><div class=\"w-separator size_medium\"><\/div><div class=\"wpb_text_column us_custom_a0a76ed2 has_text_color\"><div class=\"wpb_wrapper\"><h2 style=\"text-align: center;\"><strong>EMPRESA<\/strong><\/h2>\n<hr \/>\n<\/div><\/div><div class=\"w-separator size_small\"><\/div><div class=\"wpb_text_column\"><div class=\"wpb_wrapper\"><p>Servimetalum, una empresa con vasta experiencia en el mercado, que se dedica al dise\u00f1o y fabricaci\u00f3n de cortinas met\u00e1licas galvanizadas y modelo emballetado. Las cortinas met\u00e1licas pueden ser de accionamiento manual o autom\u00e1ticas.<\/p>\n<p>Estas cortinas met\u00e1licas se utilizan en diversos espacios, como:<\/p>\n<ul>\n<li>Industria<\/li>\n<li>Comercio<\/li>\n<li>Particulares<\/li>\n<li>Garajes para autom\u00f3viles<\/li>\n<li>Cierres de locales comerciales<\/li>\n<li>Galpones<\/li>\n<li>Centros de distribuci\u00f3n<\/li>\n<\/ul>\n<\/div><\/div><div class=\"w-separator size_medium\"><\/div><\/div><\/div><div class=\"wpb_column vc_column_container us_custom_4fb9e5a3 has_bg_color\"><div class=\"vc_column-inner\"><div class=\"w-image align_center\"><div class=\"w-image-h\"><img decoding=\"async\" width=\"960\" height=\"540\" src=\"https:\/\/servimetalum.cl\/wp-content\/uploads\/2024\/10\/imagenempresa.jpg\" class=\"attachment-full size-full\" alt=\"\" loading=\"lazy\" srcset=\"https:\/\/servimetalum.cl\/wp-content\/uploads\/2024\/10\/imagenempresa.jpg 960w, https:\/\/servimetalum.cl\/wp-content\/uploads\/2024\/10\/imagenempresa-300x169.jpg 300w, https:\/\/servimetalum.cl\/wp-content\/uploads\/2024\/10\/imagenempresa-600x338.jpg 600w\" sizes=\"(max-width: 960px) 100vw, 960px\" \/><\/div><\/div><\/div><\/div><\/div><\/div><\/section>\n","protected":false},"excerpt":{"rendered":"EMPRESA Servimetalum, una empresa con vasta experiencia en el mercado, que se dedica al dise\u00f1o y fabricaci\u00f3n de cortinas met\u00e1licas galvanizadas y modelo emballetado. Las cortinas met\u00e1licas pueden ser de accionamiento manual o autom\u00e1ticas. Estas cortinas met\u00e1licas se utilizan en diversos espacios, como: Industria Comercio Particulares Garajes para autom\u00f3viles Cierres de locales comerciales Galpones Centros...","protected":false},"author":3,"featured_media":0,"parent":0,"menu_order":0,"comment_status":"closed","ping_status":"closed","template":"","meta":{"footnotes":""},"class_list":["post-9104","page","type-page","status-publish","hentry"],"yoast_head":"<!-- This site is optimized with the Yoast SEO plugin v24.5 - https:\/\/yoast.com\/wordpress\/plugins\/seo\/ -->\n<title>Servimetalum | Empresa de Cortinas Met\u00e1licas en Santiago<\/title>\n<meta name=\"description\" content=\"Conoce Servimetalum, empresa especialista en cortinas met\u00e1licas en Santiago. Experiencia, calidad y soluciones a medida para tu proyecto.\" \/>\n<meta name=\"robots\" content=\"index, follow, max-snippet:-1, max-image-preview:large, max-video-preview:-1\" \/>\n<link rel=\"canonical\" href=\"https:\/\/servimetalum.cl\/index.php\/nosotros\/\" \/>\n<meta property=\"og:locale\" content=\"es_ES\" \/>\n<meta property=\"og:type\" content=\"article\" \/>\n<meta property=\"og:title\" content=\"Servimetalum | Empresa de Cortinas Met\u00e1licas en Santiago\" \/>\n<meta property=\"og:description\" content=\"Conoce Servimetalum, empresa especialista en cortinas met\u00e1licas en Santiago. Experiencia, calidad y soluciones a medida para tu proyecto.\" \/>\n<meta property=\"og:url\" content=\"https:\/\/servimetalum.cl\/index.php\/nosotros\/\" \/>\n<meta property=\"og:site_name\" content=\"Servimetalum\" \/>\n<meta property=\"article:publisher\" content=\"https:\/\/www.facebook.com\/servimetalum\/?ref=br_rs\" \/>\n<meta property=\"article:modified_time\" content=\"2025-12-22T11:49:58+00:00\" \/>\n<meta name=\"twitter:card\" content=\"summary_large_image\" \/>\n<meta name=\"twitter:label1\" content=\"Tiempo de lectura\" \/>\n\t<meta name=\"twitter:data1\" content=\"1 minuto\" \/>\n<script type=\"application\/ld+json\" class=\"yoast-schema-graph\">{\"@context\":\"https:\/\/schema.org\",\"@graph\":[{\"@type\":\"WebPage\",\"@id\":\"https:\/\/servimetalum.cl\/index.php\/nosotros\/\",\"url\":\"https:\/\/servimetalum.cl\/index.php\/nosotros\/\",\"name\":\"Servimetalum | Empresa de Cortinas Met\u00e1licas en Santiago\",\"isPartOf\":{\"@id\":\"https:\/\/servimetalum.cl\/#website\"},\"datePublished\":\"2023-03-21T20:00:20+00:00\",\"dateModified\":\"2025-12-22T11:49:58+00:00\",\"description\":\"Conoce Servimetalum, empresa especialista en cortinas met\u00e1licas en Santiago. Experiencia, calidad y soluciones a medida para tu proyecto.\",\"breadcrumb\":{\"@id\":\"https:\/\/servimetalum.cl\/index.php\/nosotros\/#breadcrumb\"},\"inLanguage\":\"es\",\"potentialAction\":[{\"@type\":\"ReadAction\",\"target\":[\"https:\/\/servimetalum.cl\/index.php\/nosotros\/\"]}]},{\"@type\":\"BreadcrumbList\",\"@id\":\"https:\/\/servimetalum.cl\/index.php\/nosotros\/#breadcrumb\",\"itemListElement\":[{\"@type\":\"ListItem\",\"position\":1,\"name\":\"Portada\",\"item\":\"https:\/\/servimetalum.cl\/\"},{\"@type\":\"ListItem\",\"position\":2,\"name\":\"Nosotros\"}]},{\"@type\":\"WebSite\",\"@id\":\"https:\/\/servimetalum.cl\/#website\",\"url\":\"https:\/\/servimetalum.cl\/\",\"name\":\"Servimetalum\",\"description\":\"Cortinas Met\u00e1licas, Cortina Met\u00e1lica Manual, Cortina Met\u00e1lica Motorizada, Cortina Met\u00e1lica con Puerta Peatonal, Cortina met\u00e1lica manual para conteiners, Cortinas met\u00e1licas para galp\u00f3n, Cortinas met\u00e1licas para locales comerciales, Cortinas met\u00e1licas para bodegas, Cortinas de L\u00e1minas Semiplana, Cortinas de L\u00e1minas Plana, Cortinas de L\u00e1minas Curva,  Cortina Met\u00e1lica Manual Microperforada, Cortina Met\u00e1lica Manual Lisa\",\"publisher\":{\"@id\":\"https:\/\/servimetalum.cl\/#organization\"},\"potentialAction\":[{\"@type\":\"SearchAction\",\"target\":{\"@type\":\"EntryPoint\",\"urlTemplate\":\"https:\/\/servimetalum.cl\/?s={search_term_string}\"},\"query-input\":{\"@type\":\"PropertyValueSpecification\",\"valueRequired\":true,\"valueName\":\"search_term_string\"}}],\"inLanguage\":\"es\"},{\"@type\":\"Organization\",\"@id\":\"https:\/\/servimetalum.cl\/#organization\",\"name\":\"Servimetalum\",\"url\":\"https:\/\/servimetalum.cl\/\",\"logo\":{\"@type\":\"ImageObject\",\"inLanguage\":\"es\",\"@id\":\"https:\/\/servimetalum.cl\/#\/schema\/logo\/image\/\",\"url\":\"https:\/\/servimetalum.cl\/wp-content\/uploads\/2025\/02\/REDISENO-SERVIMETALUM-47-112432543.png\",\"contentUrl\":\"https:\/\/servimetalum.cl\/wp-content\/uploads\/2025\/02\/REDISENO-SERVIMETALUM-47-112432543.png\",\"width\":1125,\"height\":529,\"caption\":\"Servimetalum\"},\"image\":{\"@id\":\"https:\/\/servimetalum.cl\/#\/schema\/logo\/image\/\"},\"sameAs\":[\"https:\/\/www.facebook.com\/servimetalum\/?ref=br_rs\",\"https:\/\/www.youtube.com\/channel\/UCDXkWAvcaV47Tz_D4Kzt95A\"]}]}<\/script>\n<!-- \/ Yoast SEO plugin. -->","yoast_head_json":{"title":"Servimetalum | Empresa de Cortinas Met\u00e1licas en Santiago","description":"Conoce Servimetalum, empresa especialista en cortinas met\u00e1licas en Santiago. Experiencia, calidad y soluciones a medida para tu proyecto.","robots":{"index":"index","follow":"follow","max-snippet":"max-snippet:-1","max-image-preview":"max-image-preview:large","max-video-preview":"max-video-preview:-1"},"canonical":"https:\/\/servimetalum.cl\/index.php\/nosotros\/","og_locale":"es_ES","og_type":"article","og_title":"Servimetalum | Empresa de Cortinas Met\u00e1licas en Santiago","og_description":"Conoce Servimetalum, empresa especialista en cortinas met\u00e1licas en Santiago. Experiencia, calidad y soluciones a medida para tu proyecto.","og_url":"https:\/\/servimetalum.cl\/index.php\/nosotros\/","og_site_name":"Servimetalum","article_publisher":"https:\/\/www.facebook.com\/servimetalum\/?ref=br_rs","article_modified_time":"2025-12-22T11:49:58+00:00","twitter_card":"summary_large_image","twitter_misc":{"Tiempo de lectura":"1 minuto"},"schema":{"@context":"https:\/\/schema.org","@graph":[{"@type":"WebPage","@id":"https:\/\/servimetalum.cl\/index.php\/nosotros\/","url":"https:\/\/servimetalum.cl\/index.php\/nosotros\/","name":"Servimetalum | Empresa de Cortinas Met\u00e1licas en Santiago","isPartOf":{"@id":"https:\/\/servimetalum.cl\/#website"},"datePublished":"2023-03-21T20:00:20+00:00","dateModified":"2025-12-22T11:49:58+00:00","description":"Conoce Servimetalum, empresa especialista en cortinas met\u00e1licas en Santiago. Experiencia, calidad y soluciones a medida para tu proyecto.","breadcrumb":{"@id":"https:\/\/servimetalum.cl\/index.php\/nosotros\/#breadcrumb"},"inLanguage":"es","potentialAction":[{"@type":"ReadAction","target":["https:\/\/servimetalum.cl\/index.php\/nosotros\/"]}]},{"@type":"BreadcrumbList","@id":"https:\/\/servimetalum.cl\/index.php\/nosotros\/#breadcrumb","itemListElement":[{"@type":"ListItem","position":1,"name":"Portada","item":"https:\/\/servimetalum.cl\/"},{"@type":"ListItem","position":2,"name":"Nosotros"}]},{"@type":"WebSite","@id":"https:\/\/servimetalum.cl\/#website","url":"https:\/\/servimetalum.cl\/","name":"Servimetalum","description":"Cortinas Met\u00e1licas, Cortina Met\u00e1lica Manual, Cortina Met\u00e1lica Motorizada, Cortina Met\u00e1lica con Puerta Peatonal, Cortina met\u00e1lica manual para conteiners, Cortinas met\u00e1licas para galp\u00f3n, Cortinas met\u00e1licas para locales comerciales, Cortinas met\u00e1licas para bodegas, Cortinas de L\u00e1minas Semiplana, Cortinas de L\u00e1minas Plana, Cortinas de L\u00e1minas Curva,  Cortina Met\u00e1lica Manual Microperforada, Cortina Met\u00e1lica Manual Lisa","publisher":{"@id":"https:\/\/servimetalum.cl\/#organization"},"potentialAction":[{"@type":"SearchAction","target":{"@type":"EntryPoint","urlTemplate":"https:\/\/servimetalum.cl\/?s={search_term_string}"},"query-input":{"@type":"PropertyValueSpecification","valueRequired":true,"valueName":"search_term_string"}}],"inLanguage":"es"},{"@type":"Organization","@id":"https:\/\/servimetalum.cl\/#organization","name":"Servimetalum","url":"https:\/\/servimetalum.cl\/","logo":{"@type":"ImageObject","inLanguage":"es","@id":"https:\/\/servimetalum.cl\/#\/schema\/logo\/image\/","url":"https:\/\/servimetalum.cl\/wp-content\/uploads\/2025\/02\/REDISENO-SERVIMETALUM-47-112432543.png","contentUrl":"https:\/\/servimetalum.cl\/wp-content\/uploads\/2025\/02\/REDISENO-SERVIMETALUM-47-112432543.png","width":1125,"height":529,"caption":"Servimetalum"},"image":{"@id":"https:\/\/servimetalum.cl\/#\/schema\/logo\/image\/"},"sameAs":["https:\/\/www.facebook.com\/servimetalum\/?ref=br_rs","https:\/\/www.youtube.com\/channel\/UCDXkWAvcaV47Tz_D4Kzt95A"]}]}},"acf":[],"_links":{"self":[{"href":"https:\/\/servimetalum.cl\/index.php\/wp-json\/wp\/v2\/pages\/9104","targetHints":{"allow":["GET"]}}],"collection":[{"href":"https:\/\/servimetalum.cl\/index.php\/wp-json\/wp\/v2\/pages"}],"about":[{"href":"https:\/\/servimetalum.cl\/index.php\/wp-json\/wp\/v2\/types\/page"}],"author":[{"embeddable":true,"href":"https:\/\/servimetalum.cl\/index.php\/wp-json\/wp\/v2\/users\/3"}],"replies":[{"embeddable":true,"href":"https:\/\/servimetalum.cl\/index.php\/wp-json\/wp\/v2\/comments?post=9104"}],"version-history":[{"count":19,"href":"https:\/\/servimetalum.cl\/index.php\/wp-json\/wp\/v2\/pages\/9104\/revisions"}],"predecessor-version":[{"id":9359,"href":"https:\/\/servimetalum.cl\/index.php\/wp-json\/wp\/v2\/pages\/9104\/revisions\/9359"}],"wp:attachment":[{"href":"https:\/\/servimetalum.cl\/index.php\/wp-json\/wp\/v2\/media?parent=9104"}],"curies":[{"name":"wp","href":"https:\/\/api.w.org\/{rel}","templated":true}]}}