{"id":8945,"date":"2023-03-16T12:13:27","date_gmt":"2023-03-16T12:13:27","guid":{"rendered":"http:\/\/bioplagas.srtv.cl\/?page_id=8945"},"modified":"2025-12-22T09:02:14","modified_gmt":"2025-12-22T12:02:14","slug":"noticias","status":"publish","type":"page","link":"https:\/\/servimetalum.cl\/index.php\/noticias\/","title":{"rendered":"Noticias"},"content":{"rendered":"<section class=\"l-section wpb_row blur-bg height_auto width_custom with_img\" style=\"--site-content-width:1100px;\"><div class=\"l-section-img\" role=\"img\" data-img-width=\"1920\" data-img-height=\"720\" style=\"background-image: url(https:\/\/servimetalum.cl\/wp-content\/uploads\/2024\/10\/bg.webp);background-repeat: no-repeat;\"><\/div><div class=\"l-section-h i-cf\"><div class=\"g-cols vc_row via_grid cols_1 laptops-cols_inherit tablets-cols_inherit mobiles-cols_1 valign_top type_default stacking_default\"><div class=\"wpb_column vc_column_container us_custom_4fb9e5a3 has_bg_color\"><div class=\"vc_column-inner\"><div class=\"w-separator size_medium\"><\/div><div class=\"w-grid type_grid layout_9444 cols_3 with_pagination\" id=\"us_grid_1\" style=\"--gap:1.5rem;\" data-filterable=\"true\"><style>@media (max-width:1024px){#us_grid_1 .w-grid-item{width:50%}}@media (max-width:600px){#us_grid_1 .w-grid-list{margin:0}#us_grid_1 .w-grid-item{width:100%;padding:0;margin-bottom:var(--gap,0px)}}.layout_9444 .w-grid-item-h{}.layout_9444 .usg_vwrapper_1{border-radius:5px!important;overflow:hidden!important;background:#ffffff!important;box-shadow:0 0 3px 3px rgba(0,0,0,0.30)!important}.layout_9444 .usg_post_title_1{color:#ffffff!important;font-size:20px!important;font-weight:600!important}.layout_9444 .usg_post_content_1{font-size:14px!important;padding:10px 10px 20px 10px!important}.layout_9444 .usg_hwrapper_1{margin-bottom:5px!important;padding:5px!important;background:#E20B09!important}.layout_9444 .usg_hwrapper_2{position:absolute!important;bottom:5px!important;right:5px!important;z-index:10!important}<\/style><div class=\"w-grid-list\">\t<article class=\"w-grid-item size_1x1 post-10190 post type-post status-publish format-standard hentry category-trabajos\" data-id=\"10190\">\r\n\t\t<div class=\"w-grid-item-h\">\r\n\t\t\t\t\t\t<div class=\"w-vwrapper usg_vwrapper_1 align_none valign_top\"><div class=\"w-hwrapper usg_hwrapper_1 align_none valign_top\"><h1 class=\"w-post-elm post_title usg_post_title_1 has_text_color align_center entry-title color_link_inherit\"><a href=\"https:\/\/servimetalum.cl\/index.php\/ventajas-de-instalar-cortina-metalica-con-puerta-peatonal-en-santiago\/\">Ventajas de instalar cortina met\u00e1lica con puerta peatonal en Santiago<\/a><\/h1><\/div><div class=\"w-post-elm post_content usg_post_content_1\">La cortina met\u00e1lica con puerta peatonal es una soluci\u00f3n pr\u00e1ctica y segura para negocios en Santiago que necesitan acceso frecuente&hellip;<\/div><div class=\"w-hwrapper usg_hwrapper_2 align_right valign_middle\"><a class=\"w-btn us-btn-style_27 usg_btn_1\" href=\"https:\/\/servimetalum.cl\/index.php\/ventajas-de-instalar-cortina-metalica-con-puerta-peatonal-en-santiago\/\"><span class=\"w-btn-label\">Leer m\u00e1s<\/span><\/a><\/div><\/div>\t\t<\/div>\r\n\t\t\t<\/article>\r\n\t<article class=\"w-grid-item size_1x1 post-10188 post type-post status-publish format-standard hentry category-trabajos\" data-id=\"10188\">\r\n\t\t<div class=\"w-grid-item-h\">\r\n\t\t\t\t\t\t<div class=\"w-vwrapper usg_vwrapper_1 align_none valign_top\"><div class=\"w-hwrapper usg_hwrapper_1 align_none valign_top\"><h1 class=\"w-post-elm post_title usg_post_title_1 has_text_color align_center entry-title color_link_inherit\"><a href=\"https:\/\/servimetalum.cl\/index.php\/tendencias-en-cortinas-metalicas-en-santiago-para-2026-innovacion-y-tecnologia\/\">Tendencias en cortinas met\u00e1licas en Santiago para 2026: innovaci\u00f3n y tecnolog\u00eda<\/a><\/h1><\/div><div class=\"w-post-elm post_content usg_post_content_1\">El mercado de cortinas met\u00e1licas en Santiago est\u00e1 evolucionando r\u00e1pidamente. Para 2026, las tendencias apuntan hacia mayor automatizaci\u00f3n, eficiencia energ\u00e9tica&hellip;<\/div><div class=\"w-hwrapper usg_hwrapper_2 align_right valign_middle\"><a class=\"w-btn us-btn-style_27 usg_btn_1\" href=\"https:\/\/servimetalum.cl\/index.php\/tendencias-en-cortinas-metalicas-en-santiago-para-2026-innovacion-y-tecnologia\/\"><span class=\"w-btn-label\">Leer m\u00e1s<\/span><\/a><\/div><\/div>\t\t<\/div>\r\n\t\t\t<\/article>\r\n\t<article class=\"w-grid-item size_1x1 post-10186 post type-post status-publish format-standard hentry category-trabajos\" data-id=\"10186\">\r\n\t\t<div class=\"w-grid-item-h\">\r\n\t\t\t\t\t\t<div class=\"w-vwrapper usg_vwrapper_1 align_none valign_top\"><div class=\"w-hwrapper usg_hwrapper_1 align_none valign_top\"><h1 class=\"w-post-elm post_title usg_post_title_1 has_text_color align_center entry-title color_link_inherit\"><a href=\"https:\/\/servimetalum.cl\/index.php\/seguridad-comercial-en-la-region-metropolitana-la-importancia-de-las-cortinas-metalicas\/\">Seguridad comercial en la Regi\u00f3n Metropolitana: la importancia de las cortinas met\u00e1licas<\/a><\/h1><\/div><div class=\"w-post-elm post_content usg_post_content_1\">La seguridad comercial en la Regi\u00f3n Metropolitana es un tema prioritario para empresas, pymes y grandes industrias. En un entorno&hellip;<\/div><div class=\"w-hwrapper usg_hwrapper_2 align_right valign_middle\"><a class=\"w-btn us-btn-style_27 usg_btn_1\" href=\"https:\/\/servimetalum.cl\/index.php\/seguridad-comercial-en-la-region-metropolitana-la-importancia-de-las-cortinas-metalicas\/\"><span class=\"w-btn-label\">Leer m\u00e1s<\/span><\/a><\/div><\/div>\t\t<\/div>\r\n\t\t\t<\/article>\r\n\t<article class=\"w-grid-item size_1x1 post-10184 post type-post status-publish format-standard hentry category-trabajos\" data-id=\"10184\">\r\n\t\t<div class=\"w-grid-item-h\">\r\n\t\t\t\t\t\t<div class=\"w-vwrapper usg_vwrapper_1 align_none valign_top\"><div class=\"w-hwrapper usg_hwrapper_1 align_none valign_top\"><h1 class=\"w-post-elm post_title usg_post_title_1 has_text_color align_center entry-title color_link_inherit\"><a href=\"https:\/\/servimetalum.cl\/index.php\/cortinas-metalicas-para-bodegas-en-santiago-seguridad-industrial-de-alto-nivel\/\">Cortinas met\u00e1licas para bodegas en Santiago: seguridad industrial de alto nivel<\/a><\/h1><\/div><div class=\"w-post-elm post_content usg_post_content_1\">Las cortinas met\u00e1licas para bodegas en Santiago son una soluci\u00f3n esencial para proteger instalaciones industriales, centros log\u00edsticos y galpones en&hellip;<\/div><div class=\"w-hwrapper usg_hwrapper_2 align_right valign_middle\"><a class=\"w-btn us-btn-style_27 usg_btn_1\" href=\"https:\/\/servimetalum.cl\/index.php\/cortinas-metalicas-para-bodegas-en-santiago-seguridad-industrial-de-alto-nivel\/\"><span class=\"w-btn-label\">Leer m\u00e1s<\/span><\/a><\/div><\/div>\t\t<\/div>\r\n\t\t\t<\/article>\r\n\t<article class=\"w-grid-item size_1x1 post-10182 post type-post status-publish format-standard hentry category-trabajos\" data-id=\"10182\">\r\n\t\t<div class=\"w-grid-item-h\">\r\n\t\t\t\t\t\t<div class=\"w-vwrapper usg_vwrapper_1 align_none valign_top\"><div class=\"w-hwrapper usg_hwrapper_1 align_none valign_top\"><h1 class=\"w-post-elm post_title usg_post_title_1 has_text_color align_center entry-title color_link_inherit\"><a href=\"https:\/\/servimetalum.cl\/index.php\/precio-de-cortinas-metalicas-en-santiago-cuanto-cuesta-realmente\/\">Precio de cortinas met\u00e1licas en Santiago: \u00bfCu\u00e1nto cuesta realmente?<\/a><\/h1><\/div><div class=\"w-post-elm post_content usg_post_content_1\">Una de las b\u00fasquedas m\u00e1s frecuentes en Google es: \u201cprecio cortinas met\u00e1licas en Santiago\u201d. Sin embargo, el valor puede variar&hellip;<\/div><div class=\"w-hwrapper usg_hwrapper_2 align_right valign_middle\"><a class=\"w-btn us-btn-style_27 usg_btn_1\" href=\"https:\/\/servimetalum.cl\/index.php\/precio-de-cortinas-metalicas-en-santiago-cuanto-cuesta-realmente\/\"><span class=\"w-btn-label\">Leer m\u00e1s<\/span><\/a><\/div><\/div>\t\t<\/div>\r\n\t\t\t<\/article>\r\n\t<article class=\"w-grid-item size_1x1 post-10180 post type-post status-publish format-standard hentry category-trabajos\" data-id=\"10180\">\r\n\t\t<div class=\"w-grid-item-h\">\r\n\t\t\t\t\t\t<div class=\"w-vwrapper usg_vwrapper_1 align_none valign_top\"><div class=\"w-hwrapper usg_hwrapper_1 align_none valign_top\"><h1 class=\"w-post-elm post_title usg_post_title_1 has_text_color align_center entry-title color_link_inherit\"><a href=\"https:\/\/servimetalum.cl\/index.php\/cortinas-metalicas-para-locales-comerciales-en-santiago-seguridad-y-proteccion-inteligente\/\">Cortinas met\u00e1licas para locales comerciales en Santiago: seguridad y protecci\u00f3n inteligente<\/a><\/h1><\/div><div class=\"w-post-elm post_content usg_post_content_1\">La seguridad es una prioridad para cualquier negocio, y las cortinas met\u00e1licas para locales comerciales en Santiago se han convertido&hellip;<\/div><div class=\"w-hwrapper usg_hwrapper_2 align_right valign_middle\"><a class=\"w-btn us-btn-style_27 usg_btn_1\" href=\"https:\/\/servimetalum.cl\/index.php\/cortinas-metalicas-para-locales-comerciales-en-santiago-seguridad-y-proteccion-inteligente\/\"><span class=\"w-btn-label\">Leer m\u00e1s<\/span><\/a><\/div><\/div>\t\t<\/div>\r\n\t\t\t<\/article>\r\n\t<article class=\"w-grid-item size_1x1 post-10178 post type-post status-publish format-standard hentry category-trabajos\" data-id=\"10178\">\r\n\t\t<div class=\"w-grid-item-h\">\r\n\t\t\t\t\t\t<div class=\"w-vwrapper usg_vwrapper_1 align_none valign_top\"><div class=\"w-hwrapper usg_hwrapper_1 align_none valign_top\"><h1 class=\"w-post-elm post_title usg_post_title_1 has_text_color align_center entry-title color_link_inherit\"><a href=\"https:\/\/servimetalum.cl\/index.php\/mantenimiento-de-cortinas-metalicas-en-santiago-guia-completa-para-prolongar-su-vida-util\/\">Mantenimiento de cortinas met\u00e1licas en Santiago: gu\u00eda completa para prolongar su vida \u00fatil<\/a><\/h1><\/div><div class=\"w-post-elm post_content usg_post_content_1\">El mantenimiento de cortinas met\u00e1licas en Santiago es un factor clave para garantizar seguridad, funcionamiento eficiente y mayor durabilidad del&hellip;<\/div><div class=\"w-hwrapper usg_hwrapper_2 align_right valign_middle\"><a class=\"w-btn us-btn-style_27 usg_btn_1\" href=\"https:\/\/servimetalum.cl\/index.php\/mantenimiento-de-cortinas-metalicas-en-santiago-guia-completa-para-prolongar-su-vida-util\/\"><span class=\"w-btn-label\">Leer m\u00e1s<\/span><\/a><\/div><\/div>\t\t<\/div>\r\n\t\t\t<\/article>\r\n\t<article class=\"w-grid-item size_1x1 post-10176 post type-post status-publish format-standard hentry category-trabajos\" data-id=\"10176\">\r\n\t\t<div class=\"w-grid-item-h\">\r\n\t\t\t\t\t\t<div class=\"w-vwrapper usg_vwrapper_1 align_none valign_top\"><div class=\"w-hwrapper usg_hwrapper_1 align_none valign_top\"><h1 class=\"w-post-elm post_title usg_post_title_1 has_text_color align_center entry-title color_link_inherit\"><a href=\"https:\/\/servimetalum.cl\/index.php\/cortina-metalica-lisa-vs-microperforada-cual-elegir-en-santiago\/\">Cortina met\u00e1lica lisa vs microperforada: \u00bfCu\u00e1l elegir en Santiago?<\/a><\/h1><\/div><div class=\"w-post-elm post_content usg_post_content_1\">Elegir entre una cortina met\u00e1lica lisa y una cortina met\u00e1lica microperforada en Santiago es una decisi\u00f3n estrat\u00e9gica que impacta tanto&hellip;<\/div><div class=\"w-hwrapper usg_hwrapper_2 align_right valign_middle\"><a class=\"w-btn us-btn-style_27 usg_btn_1\" href=\"https:\/\/servimetalum.cl\/index.php\/cortina-metalica-lisa-vs-microperforada-cual-elegir-en-santiago\/\"><span class=\"w-btn-label\">Leer m\u00e1s<\/span><\/a><\/div><\/div>\t\t<\/div>\r\n\t\t\t<\/article>\r\n\t<article class=\"w-grid-item size_1x1 post-10174 post type-post status-publish format-standard hentry category-trabajos\" data-id=\"10174\">\r\n\t\t<div class=\"w-grid-item-h\">\r\n\t\t\t\t\t\t<div class=\"w-vwrapper usg_vwrapper_1 align_none valign_top\"><div class=\"w-hwrapper usg_hwrapper_1 align_none valign_top\"><h1 class=\"w-post-elm post_title usg_post_title_1 has_text_color align_center entry-title color_link_inherit\"><a href=\"https:\/\/servimetalum.cl\/index.php\/cortinas-metalicas-motorizadas-ventajas-y-beneficios\/\">Cortinas met\u00e1licas motorizadas: ventajas y beneficios<\/a><\/h1><\/div><div class=\"w-post-elm post_content usg_post_content_1\">Las cortinas met\u00e1licas motorizadas en Santiago se han convertido en una soluci\u00f3n altamente demandada por su comodidad y nivel de&hellip;<\/div><div class=\"w-hwrapper usg_hwrapper_2 align_right valign_middle\"><a class=\"w-btn us-btn-style_27 usg_btn_1\" href=\"https:\/\/servimetalum.cl\/index.php\/cortinas-metalicas-motorizadas-ventajas-y-beneficios\/\"><span class=\"w-btn-label\">Leer m\u00e1s<\/span><\/a><\/div><\/div>\t\t<\/div>\r\n\t\t\t<\/article>\r\n<\/div><div class=\"w-grid-preloader\">\t<div class=\"g-preloader type_1\">\r\n\t\t<div><\/div>\r\n\t<\/div>\r\n\t<\/div>\t\t\t<nav class=\"pagination navigation\" role=\"navigation\">\r\n\t\t\t\t<div class=\"nav-links\">\r\n\t\t\t\t\t<span aria-current=\"page\" class=\"page-numbers current\"><span>1<\/span><\/span>\n<a class=\"page-numbers\" href=\"https:\/\/servimetalum.cl\/index.php\/wp-json\/wp\/v2\/pages\/8945\/page\/2\/\"><span>2<\/span><\/a>\n<a class=\"page-numbers\" href=\"https:\/\/servimetalum.cl\/index.php\/wp-json\/wp\/v2\/pages\/8945\/page\/3\/\"><span>3<\/span><\/a>\n<a class=\"page-numbers\" href=\"https:\/\/servimetalum.cl\/index.php\/wp-json\/wp\/v2\/pages\/8945\/page\/4\/\"><span>4<\/span><\/a>\n<span class=\"page-numbers dots\">&hellip;<\/span>\n<a class=\"page-numbers\" href=\"https:\/\/servimetalum.cl\/index.php\/wp-json\/wp\/v2\/pages\/8945\/page\/8\/\"><span>8<\/span><\/a>\n<a class=\"next page-numbers\" href=\"https:\/\/servimetalum.cl\/index.php\/wp-json\/wp\/v2\/pages\/8945\/page\/2\/\"><span>Siguiente<\/span><\/a>\t\t\t\t<\/div>\r\n\t\t\t<\/nav>\r\n\t\t\t\t<div class=\"w-grid-json hidden\" onclick='return {&quot;action&quot;:&quot;us_ajax_grid&quot;,&quot;infinite_scroll&quot;:0,&quot;max_num_pages&quot;:8,&quot;pagination&quot;:&quot;regular&quot;,&quot;template_vars&quot;:{&quot;columns&quot;:&quot;3&quot;,&quot;exclude_items&quot;:&quot;none&quot;,&quot;img_size&quot;:&quot;default&quot;,&quot;ignore_items_size&quot;:0,&quot;items_layout&quot;:&quot;9444&quot;,&quot;items_offset&quot;:&quot;1&quot;,&quot;load_animation&quot;:&quot;none&quot;,&quot;overriding_link&quot;:&quot;%7B%22url%22%3A%22%22%7D&quot;,&quot;post_id&quot;:0,&quot;query_args&quot;:{&quot;post_type&quot;:[&quot;post&quot;],&quot;tax_query&quot;:[{&quot;taxonomy&quot;:&quot;category&quot;,&quot;field&quot;:&quot;slug&quot;,&quot;terms&quot;:[&quot;trabajos&quot;]}],&quot;post_status&quot;:[&quot;publish&quot;,&quot;acf-disabled&quot;],&quot;posts_per_page&quot;:&quot;9&quot;},&quot;orderby_query_args&quot;:{&quot;orderby&quot;:{&quot;date&quot;:&quot;DESC&quot;}},&quot;type&quot;:&quot;grid&quot;,&quot;us_grid_post_type&quot;:&quot;post&quot;,&quot;us_grid_ajax_index&quot;:1,&quot;us_grid_filter_params&quot;:[],&quot;us_grid_index&quot;:1,&quot;page_args&quot;:[]}}'><\/div>\r\n\t<\/div><div class=\"w-separator size_medium\"><\/div><\/div><\/div><\/div><\/div><\/section>\n","protected":false},"excerpt":{"rendered":"Las cortinas met\u00e1licas motorizadas en Santiago se han convertido en una soluci\u00f3n altamente demandada por su comodidad y nivel de seguridad. En negocios con alto tr\u00e1nsito, automatizar la apertura y cierre mejora la eficiencia diaria y reduce el desgaste estructural. Un sistema motorizado incorpora motores centrales o laterales dise\u00f1ados para soportar uso frecuente. Esto es...","protected":false},"author":3,"featured_media":0,"parent":0,"menu_order":0,"comment_status":"closed","ping_status":"closed","template":"","meta":{"footnotes":""},"class_list":["post-8945","page","type-page","status-publish","hentry"],"yoast_head":"<!-- This site is optimized with the Yoast SEO plugin v24.5 - https:\/\/yoast.com\/wordpress\/plugins\/seo\/ -->\n<title>Noticias sobre Cortinas Met\u00e1licas | Servimetalum<\/title>\n<meta name=\"description\" content=\"Noticias, consejos y novedades sobre cortinas met\u00e1licas, seguridad y mantenimiento. Informaci\u00f3n \u00fatil para clientes en Santiago y RM.\" \/>\n<meta name=\"robots\" content=\"index, follow, max-snippet:-1, max-image-preview:large, max-video-preview:-1\" \/>\n<link rel=\"canonical\" href=\"https:\/\/servimetalum.cl\/index.php\/noticias\/\" \/>\n<meta property=\"og:locale\" content=\"es_ES\" \/>\n<meta property=\"og:type\" content=\"article\" \/>\n<meta property=\"og:title\" content=\"Noticias sobre Cortinas Met\u00e1licas | Servimetalum\" \/>\n<meta property=\"og:description\" content=\"Noticias, consejos y novedades sobre cortinas met\u00e1licas, seguridad y mantenimiento. Informaci\u00f3n \u00fatil para clientes en Santiago y RM.\" \/>\n<meta property=\"og:url\" content=\"https:\/\/servimetalum.cl\/index.php\/noticias\/\" \/>\n<meta property=\"og:site_name\" content=\"Servimetalum\" \/>\n<meta property=\"article:publisher\" content=\"https:\/\/www.facebook.com\/servimetalum\/?ref=br_rs\" \/>\n<meta property=\"article:modified_time\" content=\"2025-12-22T12:02:14+00:00\" \/>\n<meta name=\"twitter:card\" content=\"summary_large_image\" \/>\n<meta name=\"twitter:label1\" content=\"Tiempo de lectura\" \/>\n\t<meta name=\"twitter:data1\" content=\"1 minuto\" \/>\n<script type=\"application\/ld+json\" class=\"yoast-schema-graph\">{\"@context\":\"https:\/\/schema.org\",\"@graph\":[{\"@type\":\"WebPage\",\"@id\":\"https:\/\/servimetalum.cl\/index.php\/noticias\/\",\"url\":\"https:\/\/servimetalum.cl\/index.php\/noticias\/\",\"name\":\"Noticias sobre Cortinas Met\u00e1licas | Servimetalum\",\"isPartOf\":{\"@id\":\"https:\/\/servimetalum.cl\/#website\"},\"datePublished\":\"2023-03-16T12:13:27+00:00\",\"dateModified\":\"2025-12-22T12:02:14+00:00\",\"description\":\"Noticias, consejos y novedades sobre cortinas met\u00e1licas, seguridad y mantenimiento. Informaci\u00f3n \u00fatil para clientes en Santiago y RM.\",\"breadcrumb\":{\"@id\":\"https:\/\/servimetalum.cl\/index.php\/noticias\/#breadcrumb\"},\"inLanguage\":\"es\",\"potentialAction\":[{\"@type\":\"ReadAction\",\"target\":[\"https:\/\/servimetalum.cl\/index.php\/noticias\/\"]}]},{\"@type\":\"BreadcrumbList\",\"@id\":\"https:\/\/servimetalum.cl\/index.php\/noticias\/#breadcrumb\",\"itemListElement\":[{\"@type\":\"ListItem\",\"position\":1,\"name\":\"Portada\",\"item\":\"https:\/\/servimetalum.cl\/\"},{\"@type\":\"ListItem\",\"position\":2,\"name\":\"Noticias\"}]},{\"@type\":\"WebSite\",\"@id\":\"https:\/\/servimetalum.cl\/#website\",\"url\":\"https:\/\/servimetalum.cl\/\",\"name\":\"Servimetalum\",\"description\":\"Cortinas Met\u00e1licas, Cortina Met\u00e1lica Manual, Cortina Met\u00e1lica Motorizada, Cortina Met\u00e1lica con Puerta Peatonal, Cortina met\u00e1lica manual para conteiners, Cortinas met\u00e1licas para galp\u00f3n, Cortinas met\u00e1licas para locales comerciales, Cortinas met\u00e1licas para bodegas, Cortinas de L\u00e1minas Semiplana, Cortinas de L\u00e1minas Plana, Cortinas de L\u00e1minas Curva,  Cortina Met\u00e1lica Manual Microperforada, Cortina Met\u00e1lica Manual Lisa\",\"publisher\":{\"@id\":\"https:\/\/servimetalum.cl\/#organization\"},\"potentialAction\":[{\"@type\":\"SearchAction\",\"target\":{\"@type\":\"EntryPoint\",\"urlTemplate\":\"https:\/\/servimetalum.cl\/?s={search_term_string}\"},\"query-input\":{\"@type\":\"PropertyValueSpecification\",\"valueRequired\":true,\"valueName\":\"search_term_string\"}}],\"inLanguage\":\"es\"},{\"@type\":\"Organization\",\"@id\":\"https:\/\/servimetalum.cl\/#organization\",\"name\":\"Servimetalum\",\"url\":\"https:\/\/servimetalum.cl\/\",\"logo\":{\"@type\":\"ImageObject\",\"inLanguage\":\"es\",\"@id\":\"https:\/\/servimetalum.cl\/#\/schema\/logo\/image\/\",\"url\":\"https:\/\/servimetalum.cl\/wp-content\/uploads\/2025\/02\/REDISENO-SERVIMETALUM-47-112432543.png\",\"contentUrl\":\"https:\/\/servimetalum.cl\/wp-content\/uploads\/2025\/02\/REDISENO-SERVIMETALUM-47-112432543.png\",\"width\":1125,\"height\":529,\"caption\":\"Servimetalum\"},\"image\":{\"@id\":\"https:\/\/servimetalum.cl\/#\/schema\/logo\/image\/\"},\"sameAs\":[\"https:\/\/www.facebook.com\/servimetalum\/?ref=br_rs\",\"https:\/\/www.youtube.com\/channel\/UCDXkWAvcaV47Tz_D4Kzt95A\"]}]}<\/script>\n<!-- \/ Yoast SEO plugin. -->","yoast_head_json":{"title":"Noticias sobre Cortinas Met\u00e1licas | Servimetalum","description":"Noticias, consejos y novedades sobre cortinas met\u00e1licas, seguridad y mantenimiento. Informaci\u00f3n \u00fatil para clientes en Santiago y RM.","robots":{"index":"index","follow":"follow","max-snippet":"max-snippet:-1","max-image-preview":"max-image-preview:large","max-video-preview":"max-video-preview:-1"},"canonical":"https:\/\/servimetalum.cl\/index.php\/noticias\/","og_locale":"es_ES","og_type":"article","og_title":"Noticias sobre Cortinas Met\u00e1licas | Servimetalum","og_description":"Noticias, consejos y novedades sobre cortinas met\u00e1licas, seguridad y mantenimiento. Informaci\u00f3n \u00fatil para clientes en Santiago y RM.","og_url":"https:\/\/servimetalum.cl\/index.php\/noticias\/","og_site_name":"Servimetalum","article_publisher":"https:\/\/www.facebook.com\/servimetalum\/?ref=br_rs","article_modified_time":"2025-12-22T12:02:14+00:00","twitter_card":"summary_large_image","twitter_misc":{"Tiempo de lectura":"1 minuto"},"schema":{"@context":"https:\/\/schema.org","@graph":[{"@type":"WebPage","@id":"https:\/\/servimetalum.cl\/index.php\/noticias\/","url":"https:\/\/servimetalum.cl\/index.php\/noticias\/","name":"Noticias sobre Cortinas Met\u00e1licas | Servimetalum","isPartOf":{"@id":"https:\/\/servimetalum.cl\/#website"},"datePublished":"2023-03-16T12:13:27+00:00","dateModified":"2025-12-22T12:02:14+00:00","description":"Noticias, consejos y novedades sobre cortinas met\u00e1licas, seguridad y mantenimiento. Informaci\u00f3n \u00fatil para clientes en Santiago y RM.","breadcrumb":{"@id":"https:\/\/servimetalum.cl\/index.php\/noticias\/#breadcrumb"},"inLanguage":"es","potentialAction":[{"@type":"ReadAction","target":["https:\/\/servimetalum.cl\/index.php\/noticias\/"]}]},{"@type":"BreadcrumbList","@id":"https:\/\/servimetalum.cl\/index.php\/noticias\/#breadcrumb","itemListElement":[{"@type":"ListItem","position":1,"name":"Portada","item":"https:\/\/servimetalum.cl\/"},{"@type":"ListItem","position":2,"name":"Noticias"}]},{"@type":"WebSite","@id":"https:\/\/servimetalum.cl\/#website","url":"https:\/\/servimetalum.cl\/","name":"Servimetalum","description":"Cortinas Met\u00e1licas, Cortina Met\u00e1lica Manual, Cortina Met\u00e1lica Motorizada, Cortina Met\u00e1lica con Puerta Peatonal, Cortina met\u00e1lica manual para conteiners, Cortinas met\u00e1licas para galp\u00f3n, Cortinas met\u00e1licas para locales comerciales, Cortinas met\u00e1licas para bodegas, Cortinas de L\u00e1minas Semiplana, Cortinas de L\u00e1minas Plana, Cortinas de L\u00e1minas Curva,  Cortina Met\u00e1lica Manual Microperforada, Cortina Met\u00e1lica Manual Lisa","publisher":{"@id":"https:\/\/servimetalum.cl\/#organization"},"potentialAction":[{"@type":"SearchAction","target":{"@type":"EntryPoint","urlTemplate":"https:\/\/servimetalum.cl\/?s={search_term_string}"},"query-input":{"@type":"PropertyValueSpecification","valueRequired":true,"valueName":"search_term_string"}}],"inLanguage":"es"},{"@type":"Organization","@id":"https:\/\/servimetalum.cl\/#organization","name":"Servimetalum","url":"https:\/\/servimetalum.cl\/","logo":{"@type":"ImageObject","inLanguage":"es","@id":"https:\/\/servimetalum.cl\/#\/schema\/logo\/image\/","url":"https:\/\/servimetalum.cl\/wp-content\/uploads\/2025\/02\/REDISENO-SERVIMETALUM-47-112432543.png","contentUrl":"https:\/\/servimetalum.cl\/wp-content\/uploads\/2025\/02\/REDISENO-SERVIMETALUM-47-112432543.png","width":1125,"height":529,"caption":"Servimetalum"},"image":{"@id":"https:\/\/servimetalum.cl\/#\/schema\/logo\/image\/"},"sameAs":["https:\/\/www.facebook.com\/servimetalum\/?ref=br_rs","https:\/\/www.youtube.com\/channel\/UCDXkWAvcaV47Tz_D4Kzt95A"]}]}},"acf":[],"_links":{"self":[{"href":"https:\/\/servimetalum.cl\/index.php\/wp-json\/wp\/v2\/pages\/8945","targetHints":{"allow":["GET"]}}],"collection":[{"href":"https:\/\/servimetalum.cl\/index.php\/wp-json\/wp\/v2\/pages"}],"about":[{"href":"https:\/\/servimetalum.cl\/index.php\/wp-json\/wp\/v2\/types\/page"}],"author":[{"embeddable":true,"href":"https:\/\/servimetalum.cl\/index.php\/wp-json\/wp\/v2\/users\/3"}],"replies":[{"embeddable":true,"href":"https:\/\/servimetalum.cl\/index.php\/wp-json\/wp\/v2\/comments?post=8945"}],"version-history":[{"count":33,"href":"https:\/\/servimetalum.cl\/index.php\/wp-json\/wp\/v2\/pages\/8945\/revisions"}],"predecessor-version":[{"id":9899,"href":"https:\/\/servimetalum.cl\/index.php\/wp-json\/wp\/v2\/pages\/8945\/revisions\/9899"}],"wp:attachment":[{"href":"https:\/\/servimetalum.cl\/index.php\/wp-json\/wp\/v2\/media?parent=8945"}],"curies":[{"name":"wp","href":"https:\/\/api.w.org\/{rel}","templated":true}]}}