{"id":10082,"date":"2024-12-10T11:54:02","date_gmt":"2024-12-10T14:54:02","guid":{"rendered":"https:\/\/servimetalum.cl\/?page_id=10082"},"modified":"2024-12-10T11:54:02","modified_gmt":"2024-12-10T14:54:02","slug":"cortinas-metalicas-para-locales-comerciales","status":"publish","type":"page","link":"https:\/\/servimetalum.cl\/index.php\/cortinas-metalicas\/cortinas-metalicas-para-locales-comerciales\/","title":{"rendered":"Cortinas met\u00e1licas para locales comerciales"},"content":{"rendered":"","protected":false},"excerpt":{"rendered":"","protected":false},"author":3,"featured_media":10084,"parent":9560,"menu_order":6,"comment_status":"closed","ping_status":"closed","template":"","meta":{"footnotes":""},"class_list":["post-10082","page","type-page","status-publish","has-post-thumbnail","hentry"],"yoast_head":"<!-- This site is optimized with the Yoast SEO plugin v24.5 - https:\/\/yoast.com\/wordpress\/plugins\/seo\/ -->\n<title>Cortinas met\u00e1licas para locales comerciales - Servimetalum<\/title>\n<meta name=\"robots\" content=\"index, follow, max-snippet:-1, max-image-preview:large, max-video-preview:-1\" \/>\n<link rel=\"canonical\" href=\"https:\/\/servimetalum.cl\/index.php\/cortinas-metalicas\/cortinas-metalicas-para-locales-comerciales\/\" \/>\n<meta property=\"og:locale\" content=\"es_ES\" \/>\n<meta property=\"og:type\" content=\"article\" \/>\n<meta property=\"og:title\" content=\"Cortinas met\u00e1licas para locales comerciales - Servimetalum\" \/>\n<meta property=\"og:url\" content=\"https:\/\/servimetalum.cl\/index.php\/cortinas-metalicas\/cortinas-metalicas-para-locales-comerciales\/\" \/>\n<meta property=\"og:site_name\" content=\"Servimetalum\" \/>\n<meta property=\"article:publisher\" content=\"https:\/\/www.facebook.com\/servimetalum\/?ref=br_rs\" \/>\n<meta property=\"og:image\" content=\"https:\/\/servimetalum.cl\/wp-content\/uploads\/2024\/12\/Imagen3.jpg\" \/>\n\t<meta property=\"og:image:width\" content=\"762\" \/>\n\t<meta property=\"og:image:height\" content=\"361\" \/>\n\t<meta property=\"og:image:type\" content=\"image\/jpeg\" \/>\n<meta name=\"twitter:card\" content=\"summary_large_image\" \/>\n<script type=\"application\/ld+json\" class=\"yoast-schema-graph\">{\"@context\":\"https:\/\/schema.org\",\"@graph\":[{\"@type\":\"WebPage\",\"@id\":\"https:\/\/servimetalum.cl\/index.php\/cortinas-metalicas\/cortinas-metalicas-para-locales-comerciales\/\",\"url\":\"https:\/\/servimetalum.cl\/index.php\/cortinas-metalicas\/cortinas-metalicas-para-locales-comerciales\/\",\"name\":\"Cortinas met\u00e1licas para locales comerciales - Servimetalum\",\"isPartOf\":{\"@id\":\"https:\/\/servimetalum.cl\/#website\"},\"primaryImageOfPage\":{\"@id\":\"https:\/\/servimetalum.cl\/index.php\/cortinas-metalicas\/cortinas-metalicas-para-locales-comerciales\/#primaryimage\"},\"image\":{\"@id\":\"https:\/\/servimetalum.cl\/index.php\/cortinas-metalicas\/cortinas-metalicas-para-locales-comerciales\/#primaryimage\"},\"thumbnailUrl\":\"https:\/\/servimetalum.cl\/wp-content\/uploads\/2024\/12\/Imagen3.jpg\",\"datePublished\":\"2024-12-10T14:54:02+00:00\",\"breadcrumb\":{\"@id\":\"https:\/\/servimetalum.cl\/index.php\/cortinas-metalicas\/cortinas-metalicas-para-locales-comerciales\/#breadcrumb\"},\"inLanguage\":\"es\",\"potentialAction\":[{\"@type\":\"ReadAction\",\"target\":[\"https:\/\/servimetalum.cl\/index.php\/cortinas-metalicas\/cortinas-metalicas-para-locales-comerciales\/\"]}]},{\"@type\":\"ImageObject\",\"inLanguage\":\"es\",\"@id\":\"https:\/\/servimetalum.cl\/index.php\/cortinas-metalicas\/cortinas-metalicas-para-locales-comerciales\/#primaryimage\",\"url\":\"https:\/\/servimetalum.cl\/wp-content\/uploads\/2024\/12\/Imagen3.jpg\",\"contentUrl\":\"https:\/\/servimetalum.cl\/wp-content\/uploads\/2024\/12\/Imagen3.jpg\",\"width\":762,\"height\":361},{\"@type\":\"BreadcrumbList\",\"@id\":\"https:\/\/servimetalum.cl\/index.php\/cortinas-metalicas\/cortinas-metalicas-para-locales-comerciales\/#breadcrumb\",\"itemListElement\":[{\"@type\":\"ListItem\",\"position\":1,\"name\":\"Portada\",\"item\":\"https:\/\/servimetalum.cl\/\"},{\"@type\":\"ListItem\",\"position\":2,\"name\":\"Cortinas Met\u00e1licas\",\"item\":\"https:\/\/servimetalum.cl\/index.php\/cortinas-metalicas\/\"},{\"@type\":\"ListItem\",\"position\":3,\"name\":\"Cortinas met\u00e1licas para locales comerciales\"}]},{\"@type\":\"WebSite\",\"@id\":\"https:\/\/servimetalum.cl\/#website\",\"url\":\"https:\/\/servimetalum.cl\/\",\"name\":\"Servimetalum\",\"description\":\"Cortinas Met\u00e1licas, Cortina Met\u00e1lica Manual, Cortina Met\u00e1lica Motorizada, Cortina Met\u00e1lica con Puerta Peatonal, Cortina met\u00e1lica manual para conteiners, Cortinas met\u00e1licas para galp\u00f3n, Cortinas met\u00e1licas para locales comerciales, Cortinas met\u00e1licas para bodegas, Cortinas de L\u00e1minas Semiplana, Cortinas de L\u00e1minas Plana, Cortinas de L\u00e1minas Curva,  Cortina Met\u00e1lica Manual Microperforada, Cortina Met\u00e1lica Manual Lisa\",\"publisher\":{\"@id\":\"https:\/\/servimetalum.cl\/#organization\"},\"potentialAction\":[{\"@type\":\"SearchAction\",\"target\":{\"@type\":\"EntryPoint\",\"urlTemplate\":\"https:\/\/servimetalum.cl\/?s={search_term_string}\"},\"query-input\":{\"@type\":\"PropertyValueSpecification\",\"valueRequired\":true,\"valueName\":\"search_term_string\"}}],\"inLanguage\":\"es\"},{\"@type\":\"Organization\",\"@id\":\"https:\/\/servimetalum.cl\/#organization\",\"name\":\"Servimetalum\",\"url\":\"https:\/\/servimetalum.cl\/\",\"logo\":{\"@type\":\"ImageObject\",\"inLanguage\":\"es\",\"@id\":\"https:\/\/servimetalum.cl\/#\/schema\/logo\/image\/\",\"url\":\"https:\/\/servimetalum.cl\/wp-content\/uploads\/2025\/02\/REDISENO-SERVIMETALUM-47-112432543.png\",\"contentUrl\":\"https:\/\/servimetalum.cl\/wp-content\/uploads\/2025\/02\/REDISENO-SERVIMETALUM-47-112432543.png\",\"width\":1125,\"height\":529,\"caption\":\"Servimetalum\"},\"image\":{\"@id\":\"https:\/\/servimetalum.cl\/#\/schema\/logo\/image\/\"},\"sameAs\":[\"https:\/\/www.facebook.com\/servimetalum\/?ref=br_rs\",\"https:\/\/www.youtube.com\/channel\/UCDXkWAvcaV47Tz_D4Kzt95A\"]}]}<\/script>\n<!-- \/ Yoast SEO plugin. -->","yoast_head_json":{"title":"Cortinas met\u00e1licas para locales comerciales - Servimetalum","robots":{"index":"index","follow":"follow","max-snippet":"max-snippet:-1","max-image-preview":"max-image-preview:large","max-video-preview":"max-video-preview:-1"},"canonical":"https:\/\/servimetalum.cl\/index.php\/cortinas-metalicas\/cortinas-metalicas-para-locales-comerciales\/","og_locale":"es_ES","og_type":"article","og_title":"Cortinas met\u00e1licas para locales comerciales - Servimetalum","og_url":"https:\/\/servimetalum.cl\/index.php\/cortinas-metalicas\/cortinas-metalicas-para-locales-comerciales\/","og_site_name":"Servimetalum","article_publisher":"https:\/\/www.facebook.com\/servimetalum\/?ref=br_rs","og_image":[{"width":762,"height":361,"url":"https:\/\/servimetalum.cl\/wp-content\/uploads\/2024\/12\/Imagen3.jpg","type":"image\/jpeg"}],"twitter_card":"summary_large_image","schema":{"@context":"https:\/\/schema.org","@graph":[{"@type":"WebPage","@id":"https:\/\/servimetalum.cl\/index.php\/cortinas-metalicas\/cortinas-metalicas-para-locales-comerciales\/","url":"https:\/\/servimetalum.cl\/index.php\/cortinas-metalicas\/cortinas-metalicas-para-locales-comerciales\/","name":"Cortinas met\u00e1licas para locales comerciales - Servimetalum","isPartOf":{"@id":"https:\/\/servimetalum.cl\/#website"},"primaryImageOfPage":{"@id":"https:\/\/servimetalum.cl\/index.php\/cortinas-metalicas\/cortinas-metalicas-para-locales-comerciales\/#primaryimage"},"image":{"@id":"https:\/\/servimetalum.cl\/index.php\/cortinas-metalicas\/cortinas-metalicas-para-locales-comerciales\/#primaryimage"},"thumbnailUrl":"https:\/\/servimetalum.cl\/wp-content\/uploads\/2024\/12\/Imagen3.jpg","datePublished":"2024-12-10T14:54:02+00:00","breadcrumb":{"@id":"https:\/\/servimetalum.cl\/index.php\/cortinas-metalicas\/cortinas-metalicas-para-locales-comerciales\/#breadcrumb"},"inLanguage":"es","potentialAction":[{"@type":"ReadAction","target":["https:\/\/servimetalum.cl\/index.php\/cortinas-metalicas\/cortinas-metalicas-para-locales-comerciales\/"]}]},{"@type":"ImageObject","inLanguage":"es","@id":"https:\/\/servimetalum.cl\/index.php\/cortinas-metalicas\/cortinas-metalicas-para-locales-comerciales\/#primaryimage","url":"https:\/\/servimetalum.cl\/wp-content\/uploads\/2024\/12\/Imagen3.jpg","contentUrl":"https:\/\/servimetalum.cl\/wp-content\/uploads\/2024\/12\/Imagen3.jpg","width":762,"height":361},{"@type":"BreadcrumbList","@id":"https:\/\/servimetalum.cl\/index.php\/cortinas-metalicas\/cortinas-metalicas-para-locales-comerciales\/#breadcrumb","itemListElement":[{"@type":"ListItem","position":1,"name":"Portada","item":"https:\/\/servimetalum.cl\/"},{"@type":"ListItem","position":2,"name":"Cortinas Met\u00e1licas","item":"https:\/\/servimetalum.cl\/index.php\/cortinas-metalicas\/"},{"@type":"ListItem","position":3,"name":"Cortinas met\u00e1licas para locales comerciales"}]},{"@type":"WebSite","@id":"https:\/\/servimetalum.cl\/#website","url":"https:\/\/servimetalum.cl\/","name":"Servimetalum","description":"Cortinas Met\u00e1licas, Cortina Met\u00e1lica Manual, Cortina Met\u00e1lica Motorizada, Cortina Met\u00e1lica con Puerta Peatonal, Cortina met\u00e1lica manual para conteiners, Cortinas met\u00e1licas para galp\u00f3n, Cortinas met\u00e1licas para locales comerciales, Cortinas met\u00e1licas para bodegas, Cortinas de L\u00e1minas Semiplana, Cortinas de L\u00e1minas Plana, Cortinas de L\u00e1minas Curva,  Cortina Met\u00e1lica Manual Microperforada, Cortina Met\u00e1lica Manual Lisa","publisher":{"@id":"https:\/\/servimetalum.cl\/#organization"},"potentialAction":[{"@type":"SearchAction","target":{"@type":"EntryPoint","urlTemplate":"https:\/\/servimetalum.cl\/?s={search_term_string}"},"query-input":{"@type":"PropertyValueSpecification","valueRequired":true,"valueName":"search_term_string"}}],"inLanguage":"es"},{"@type":"Organization","@id":"https:\/\/servimetalum.cl\/#organization","name":"Servimetalum","url":"https:\/\/servimetalum.cl\/","logo":{"@type":"ImageObject","inLanguage":"es","@id":"https:\/\/servimetalum.cl\/#\/schema\/logo\/image\/","url":"https:\/\/servimetalum.cl\/wp-content\/uploads\/2025\/02\/REDISENO-SERVIMETALUM-47-112432543.png","contentUrl":"https:\/\/servimetalum.cl\/wp-content\/uploads\/2025\/02\/REDISENO-SERVIMETALUM-47-112432543.png","width":1125,"height":529,"caption":"Servimetalum"},"image":{"@id":"https:\/\/servimetalum.cl\/#\/schema\/logo\/image\/"},"sameAs":["https:\/\/www.facebook.com\/servimetalum\/?ref=br_rs","https:\/\/www.youtube.com\/channel\/UCDXkWAvcaV47Tz_D4Kzt95A"]}]}},"acf":[],"_links":{"self":[{"href":"https:\/\/servimetalum.cl\/index.php\/wp-json\/wp\/v2\/pages\/10082","targetHints":{"allow":["GET"]}}],"collection":[{"href":"https:\/\/servimetalum.cl\/index.php\/wp-json\/wp\/v2\/pages"}],"about":[{"href":"https:\/\/servimetalum.cl\/index.php\/wp-json\/wp\/v2\/types\/page"}],"author":[{"embeddable":true,"href":"https:\/\/servimetalum.cl\/index.php\/wp-json\/wp\/v2\/users\/3"}],"replies":[{"embeddable":true,"href":"https:\/\/servimetalum.cl\/index.php\/wp-json\/wp\/v2\/comments?post=10082"}],"version-history":[{"count":1,"href":"https:\/\/servimetalum.cl\/index.php\/wp-json\/wp\/v2\/pages\/10082\/revisions"}],"predecessor-version":[{"id":10083,"href":"https:\/\/servimetalum.cl\/index.php\/wp-json\/wp\/v2\/pages\/10082\/revisions\/10083"}],"up":[{"embeddable":true,"href":"https:\/\/servimetalum.cl\/index.php\/wp-json\/wp\/v2\/pages\/9560"}],"wp:featuredmedia":[{"embeddable":true,"href":"https:\/\/servimetalum.cl\/index.php\/wp-json\/wp\/v2\/media\/10084"}],"wp:attachment":[{"href":"https:\/\/servimetalum.cl\/index.php\/wp-json\/wp\/v2\/media?parent=10082"}],"curies":[{"name":"wp","href":"https:\/\/api.w.org\/{rel}","templated":true}]}}